{"id":1284,"date":"2021-05-19T09:17:56","date_gmt":"2021-05-19T09:17:56","guid":{"rendered":"http:\/\/facchinold.digitalia.website\/?page_id=1284"},"modified":"2021-10-06T09:17:13","modified_gmt":"2021-10-06T07:17:13","slug":"vino-doc-e-docg","status":"publish","type":"page","link":"https:\/\/facchinold.digitalia.website\/it\/viticoltori-e-vinificatori\/vino-doc-e-docg\/","title":{"rendered":"Vino DOC e DOCG"},"content":{"rendered":"<div  class=\"grids-section grids-is-advanced alignfull\" style=\"--_gs-gap-desktop:0px 0px;--_gs-m-desktop:0 0 0 0;--_gs-p-desktop:0 0 0 0;--_gs-bg-desktop:transparent none;--_gs-bg-xp-desktop:0px;--_gs-zi-desktop:auto;--_gs-d-desktop:block;--_gs-mw-desktop:calc(100% - 0 - 0);--_gs-gap-tablet:0px 0px;--_gs-m-tablet:0 0 0 0;--_gs-p-tablet:0 0 0 0;--_gs-bg-tablet:transparent none;--_gs-bg-xp-tablet:0px;--_gs-zi-tablet:auto;--_gs-d-tablet:block;--_gs-mw-tablet:calc(100% - 0 - 0);--_gs-gap-mobile:0px 0px;--_gs-m-mobile:0 0 0 0;--_gs-p-mobile:0 0 0 0;--_gs-bg-mobile:transparent none;--_gs-bg-xp-mobile:0px;--_gs-zi-mobile:auto;--_gs-d-mobile:block;--_gs-mw-mobile:calc(100% - 0 - 0);--_gs-columns:12;--_gs-rows:6\"><div class=\"grids-s-w_i\">\n<div class=\"grids-area animated fadeInLeft\" style=\"--_ga-column:1\/10;--_ga-row:1\/7;--_ga-m-desktop:0 0 0 0;--_ga-p-desktop:0 0 0 0;--_ga-bg-desktop:#f1f1f1 none;--_ga-zi-desktop:auto;--_ga-d-desktop:flex;--_ga-mw-desktop:calc(100% - 0 - 0);--_ga-m-tablet:0 0 0 0;--_ga-p-tablet:0 0 0 0;--_ga-bg-tablet:#f1f1f1 none;--_ga-zi-tablet:auto;--_ga-d-tablet:flex;--_ga-mw-tablet:calc(100% - 0 - 0);--_ga-m-mobile:0 0 0 0;--_ga-p-mobile:0 0 0 0;--_ga-bg-mobile:#f1f1f1 none;--_ga-zi-mobile:auto;--_ga-d-mobile:flex;--_ga-mw-mobile:calc(100% - 0 - 0)\"><\/div>\n\n<div class=\"grids-area animated fadeInLeft\" style=\"--_ga-column:2\/9;--_ga-row:2\/6;--_ga-m-desktop:0 0 0 0;--_ga-p-desktop:50px 0 50px 0;--_ga-bg-desktop:#f1f1f1 none;--_ga-zi-desktop:auto;--_ga-d-desktop:flex;--_ga-mw-desktop:calc(100% - 0 - 0);--_ga-m-tablet:0 0 0 0;--_ga-p-tablet:50px 0 50px 0;--_ga-bg-tablet:#f1f1f1 none;--_ga-zi-tablet:auto;--_ga-d-tablet:flex;--_ga-mw-tablet:calc(100% - 0 - 0);--_ga-m-mobile:0 0 0 0;--_ga-p-mobile:20px 20px 20px 20px;--_ga-bg-mobile:#f1f1f1 none;--_ga-zi-mobile:auto;--_ga-d-mobile:flex;--_ga-mw-mobile:calc(100% - 0 - 0)\">\n\n<h2 class=\"has-text-color wp-block-heading\" style=\"color:#c29436\">Facchin vuol dire Prosecco DOC &#8211; DOCG e vini DOC Piave<\/h2>\n\n\n\n<p>Nel pieno rispetto della tradizione, l\u2019azienda Facchin produce i vini tipici del proprio territorio. E trovandosi a cavallo di tre importanti denominazioni, la Conegliano Valdobbiadene Prosecco Superiore DOCG, la Prosecco DOC Treviso e la DOC Piave, offre una vasta gamma di vini, che spazia dalle fresche bollicine del Prosecco a un pregiato vino rosso invecchiato.<\/p>\n\n\n\n<p>La <strong>maestria degli enologi di casa Facchin<\/strong> che mettono mani e cuore nella produzione del vino fa la differenza, ma sicuramente parte del merito va lasciata al territorio. Il Veneto \u00e8 una terra di eccellenze agroalimentari. Lo testimoniano 26 DOC e ben 14 DOCG, sulle 74 nazionali, affermate in Italia e all\u2019estero. Le DOC e le DOCG sono considerate in Italia al vertice della piramide qualitativa della produzione vinicola nazionale.<\/p>\n\n<\/div>\n\n<div class=\"grids-area animated fadeInRight\" style=\"--_ga-column:10\/13;--_ga-row:1\/7;--_ga-m-desktop:0 0 0 0;--_ga-p-desktop:0 0 0 0;--_ga-bg-desktop:transparent url(https:\/\/facchinold.digitalia.website\/wp-content\/uploads\/2021\/06\/bicchiere-vino.jpg) no-repeat 50% 50%  \/ cover;--_ga-zi-desktop:auto;--_ga-d-desktop:flex;--_ga-mw-desktop:calc(100% - 0 - 0);--_ga-m-tablet:0 0 0 0;--_ga-p-tablet:100px 0 100px 0;--_ga-bg-tablet:transparent url(https:\/\/facchinold.digitalia.website\/wp-content\/uploads\/2021\/06\/bicchiere-vino.jpg) no-repeat 50% 50%  \/ cover;--_ga-zi-tablet:auto;--_ga-d-tablet:flex;--_ga-mw-tablet:calc(100% - 0 - 0);--_ga-m-mobile:0 0 0 0;--_ga-p-mobile:100px 0 100px 0;--_ga-bg-mobile:transparent url(https:\/\/facchinold.digitalia.website\/wp-content\/uploads\/2021\/06\/bicchiere-vino.jpg) no-repeat 50% 50%  \/ cover;--_ga-zi-mobile:auto;--_ga-d-mobile:flex;--_ga-mw-mobile:calc(100% - 0 - 0)\"><\/div>\n<\/div><\/div>\n\n<div  class=\"grids-section grids-is-advanced alignfull\" style=\"--_gs-gap-desktop:0px 0px;--_gs-m-desktop:0 0 0 0;--_gs-p-desktop:0 0 0 0;--_gs-bg-desktop:transparent none;--_gs-bg-xp-desktop:0px;--_gs-zi-desktop:auto;--_gs-d-desktop:block;--_gs-mw-desktop:calc(100% - 0 - 0);--_gs-gap-tablet:0px 0px;--_gs-m-tablet:0 0 0 0;--_gs-p-tablet:0 0 0 0;--_gs-bg-tablet:transparent none;--_gs-bg-xp-tablet:0px;--_gs-zi-tablet:auto;--_gs-d-tablet:block;--_gs-mw-tablet:calc(100% - 0 - 0);--_gs-gap-mobile:0px 0px;--_gs-m-mobile:0 0 0 0;--_gs-p-mobile:0 0 0 0;--_gs-bg-mobile:transparent none;--_gs-bg-xp-mobile:0px;--_gs-zi-mobile:auto;--_gs-d-mobile:block;--_gs-mw-mobile:calc(100% - 0 - 0);--_gs-columns:12;--_gs-rows:6\"><div class=\"grids-s-w_i\">\n<div class=\"grids-area animated fadeInLeft\" style=\"--_ga-column:1\/8;--_ga-row:1\/5;--_ga-va:center;--_ga-m-desktop:0 0 0 0;--_ga-p-desktop:0 0 0 0;--_ga-bg-desktop:transparent none;--_ga-zi-desktop:auto;--_ga-d-desktop:flex;--_ga-mw-desktop:calc(100% - 0 - 0);--_ga-m-tablet:0 0 0 0;--_ga-p-tablet:0 0 0 0;--_ga-bg-tablet:transparent none;--_ga-zi-tablet:auto;--_ga-d-tablet:flex;--_ga-mw-tablet:calc(100% - 0 - 0);--_ga-m-mobile:0 0 0 0;--_ga-p-mobile:0 0 0 0;--_ga-bg-mobile:transparent none;--_ga-zi-mobile:auto;--_ga-d-mobile:flex;--_ga-mw-mobile:calc(100% - 0 - 0)\">\n\n<figure class=\"wp-block-image size-large\"><img loading=\"lazy\" decoding=\"async\" width=\"1024\" height=\"768\" src=\"http:\/\/facchinold.digitalia.website\/wp-content\/uploads\/2021\/06\/bottiglia-conegliano-valdobbiadene.jpg\" alt=\"\" class=\"wp-image-1505\" srcset=\"https:\/\/facchinold.digitalia.website\/wp-content\/uploads\/2021\/06\/bottiglia-conegliano-valdobbiadene.jpg 1024w, https:\/\/facchinold.digitalia.website\/wp-content\/uploads\/2021\/06\/bottiglia-conegliano-valdobbiadene-300x225.jpg 300w, https:\/\/facchinold.digitalia.website\/wp-content\/uploads\/2021\/06\/bottiglia-conegliano-valdobbiadene-768x576.jpg 768w\" sizes=\"auto, (max-width: 1024px) 100vw, 1024px\" \/><\/figure>\n\n<\/div>\n\n<div class=\"grids-area animated fadeInLeft\" style=\"--_ga-column:8\/13;--_ga-row:2\/4;--_ga-va:center;--_ga-m-desktop:0 0 0 0;--_ga-p-desktop:0 100px 0 100px;--_ga-bg-desktop:transparent none;--_ga-zi-desktop:auto;--_ga-d-desktop:flex;--_ga-mw-desktop:calc(100% - 0 - 0);--_ga-m-tablet:0 0 0 0;--_ga-p-tablet:0 50px 0 50px;--_ga-bg-tablet:transparent none;--_ga-zi-tablet:auto;--_ga-d-tablet:flex;--_ga-mw-tablet:calc(100% - 0 - 0);--_ga-m-mobile:0 0 0 0;--_ga-p-mobile:0 50px 0 50px;--_ga-bg-mobile:transparent none;--_ga-zi-mobile:auto;--_ga-d-mobile:flex;--_ga-mw-mobile:calc(100% - 0 - 0)\">\n\n<h3 class=\"has-text-color wp-block-heading\" style=\"color:#c29436\">Conegliano Valdobbiadene Prosecco Superiore DOCG<\/h3>\n\n\n\n<p>\u00c8 la pi\u00f9 nobile variet\u00e0 di Prosecco in quanto prodotta in una piccola area circoscritta di quindici comuni collinari della provincia di Treviso. Il Prosecco Superiore Conegliano Valdobbiadene DOCG della cantina Facchin viene realizzato esclusivamente con uve raccolte sulle colline di Conegliano a partire dal vitigno Glera, che \u00e8 tipico della zona nord orientale dell\u2019Italia fin dall\u2019et\u00e0 dei romani. Si pu\u00f2 degustare nella versione Brut, avendo un grado zuccherino compreso tra 6 e 12g per litro.\u00a0<\/p>\n\n\n\n<p>Per scelta, la famiglia Facchin propone una gamma selezionata di tipologie di Prosecco per estendere la sua produzione anche ad altre variet\u00e0 di vino.<\/p>\n\n\n\n<div class=\"wp-block-buttons alignwide is-content-justification-center is-layout-flex wp-block-buttons-is-layout-flex\">\n<div class=\"wp-block-button\"><a class=\"wp-block-button__link has-primary-background-color has-text-color has-background\" href=\"https:\/\/www.antoniofacchinshop.it\/it\/prosecco-e-spumanti\" style=\"color:#f9d17f\" target=\"_blank\" rel=\"vi noopener\">Acquista SUBITO<\/a><\/div>\n<\/div>\n\n<\/div>\n<\/div><\/div>\n\n<div  class=\"grids-section grids-is-advanced alignfull\" style=\"--_gs-gap-desktop:0px 0px;--_gs-m-desktop:0 0 0 0;--_gs-p-desktop:0 0 0 0;--_gs-bg-desktop:transparent none;--_gs-bg-xp-desktop:0px;--_gs-zi-desktop:auto;--_gs-d-desktop:block;--_gs-mw-desktop:calc(100% - 0 - 0);--_gs-gap-tablet:0px 0px;--_gs-m-tablet:0 0 0 0;--_gs-p-tablet:0 0 0 0;--_gs-bg-tablet:transparent none;--_gs-bg-xp-tablet:0px;--_gs-zi-tablet:auto;--_gs-d-tablet:block;--_gs-mw-tablet:calc(100% - 0 - 0);--_gs-gap-mobile:0px 0px;--_gs-m-mobile:0 0 0 0;--_gs-p-mobile:0 0 0 0;--_gs-bg-mobile:transparent none;--_gs-bg-xp-mobile:0px;--_gs-zi-mobile:auto;--_gs-d-mobile:block;--_gs-mw-mobile:calc(100% - 0 - 0);--_gs-columns:12;--_gs-rows:6\"><div class=\"grids-s-w_i\">\n<div class=\"grids-area animated fadeInRight\" style=\"--_ga-column:6\/13;--_ga-row:1\/7;--_ga-va:center;--_ga-m-desktop:0 0 0 0;--_ga-p-desktop:0 0 0 0;--_ga-bg-desktop:transparent none;--_ga-zi-desktop:auto;--_ga-d-desktop:flex;--_ga-mw-desktop:calc(100% - 0 - 0);--_ga-m-tablet:0 0 0 0;--_ga-p-tablet:0 0 0 0;--_ga-bg-tablet:transparent none;--_ga-zi-tablet:auto;--_ga-d-tablet:flex;--_ga-mw-tablet:calc(100% - 0 - 0);--_ga-m-mobile:0 0 0 0;--_ga-p-mobile:0 0 0 0;--_ga-bg-mobile:transparent none;--_ga-zi-mobile:auto;--_ga-d-mobile:flex;--_ga-mw-mobile:calc(100% - 0 - 0)\">\n\n<figure class=\"wp-block-image size-large\"><img loading=\"lazy\" decoding=\"async\" width=\"1024\" height=\"768\" src=\"http:\/\/facchinold.digitalia.website\/wp-content\/uploads\/2021\/06\/bottiglia-prosecco-doc-treviso.jpg\" alt=\"\" class=\"wp-image-1507\" srcset=\"https:\/\/facchinold.digitalia.website\/wp-content\/uploads\/2021\/06\/bottiglia-prosecco-doc-treviso.jpg 1024w, https:\/\/facchinold.digitalia.website\/wp-content\/uploads\/2021\/06\/bottiglia-prosecco-doc-treviso-300x225.jpg 300w, https:\/\/facchinold.digitalia.website\/wp-content\/uploads\/2021\/06\/bottiglia-prosecco-doc-treviso-768x576.jpg 768w\" sizes=\"auto, (max-width: 1024px) 100vw, 1024px\" \/><\/figure>\n\n<\/div>\n\n<div class=\"grids-area animated fadeInLeft\" style=\"--_ga-column:1\/6;--_ga-row:3\/5;--_ga-va:center;--_ga-m-desktop:0 0 0 0;--_ga-p-desktop:0 100px 0 100px;--_ga-bg-desktop:transparent none;--_ga-zi-desktop:auto;--_ga-d-desktop:flex;--_ga-mw-desktop:calc(100% - 0 - 0);--_ga-m-tablet:0 0 0 0;--_ga-p-tablet:0 50px 0 50px;--_ga-bg-tablet:transparent none;--_ga-zi-tablet:auto;--_ga-d-tablet:flex;--_ga-mw-tablet:calc(100% - 0 - 0);--_ga-m-mobile:0 0 0 0;--_ga-p-mobile:0 50px 0 50px;--_ga-bg-mobile:transparent none;--_ga-zi-mobile:auto;--_ga-d-mobile:flex;--_ga-mw-mobile:calc(100% - 0 - 0)\">\n\n<h3 class=\"has-text-color wp-block-heading\" style=\"color:#c29436\">Prosecco DOC Treviso<\/h3>\n\n\n\n<p>La zona di produzione del Prosecco DOC si trova nel nord-est d\u2019Italia e, pi\u00f9 precisamente, nei terreni delle quattro province del Friuli Venezia Giulia (Gorizia, Pordenone, Trieste e Udine) e di cinque province del Veneto (Belluno, Padova, Treviso, Venezia, Vicenza). Quando la raccolta delle uve, la vinificazione e l\u2019imbottigliamento avvengono completamente nelle province di Treviso, come nel caso del Prosecco DOC di Facchin, si pu\u00f2 usare la menzione speciale di Prosecco DOC Treviso.<\/p>\n\n\n\n<p>Con il suo profumo floreale e fruttato, sapore fresco, leggero e brioso, il Prosecco DOC dell\u2019azienda Antonio Facchin \u00e8 prodotto esclusivamente con uve Glera, anche se il disciplinare permetterebbe l\u2019impiego fino al 15% di altri vitigni. Da questa purezza di uve si discosta solamente il nuovo spumante nato in casa Facchin, ovvero il Prosecco Ros\u00e9, che grazie a un 13% di Pinot Nero assume un colore rosa tenue e un profumo che sfuma verso il lampone e il ribes.<\/p>\n\n\n\n<div class=\"wp-block-buttons is-content-justification-center is-layout-flex wp-block-buttons-is-layout-flex\">\n<div class=\"wp-block-button is-style-fill\"><a class=\"wp-block-button__link has-primary-background-color has-text-color has-background\" href=\"https:\/\/www.antoniofacchinshop.it\/it\/prosecco-e-spumanti\" style=\"color:#f9d17f\" target=\"_blank\" rel=\"vi noopener\">Acquista SUBITO<\/a><\/div>\n<\/div>\n\n<\/div>\n<\/div><\/div>\n\n<div  class=\"grids-section grids-is-advanced alignfull\" style=\"--_gs-gap-desktop:0px 0px;--_gs-m-desktop:0 0 0 0;--_gs-p-desktop:0 0 0 0;--_gs-bg-desktop:transparent none;--_gs-bg-xp-desktop:0px;--_gs-zi-desktop:auto;--_gs-d-desktop:block;--_gs-mw-desktop:calc(100% - 0 - 0);--_gs-gap-tablet:0px 0px;--_gs-m-tablet:0 0 0 0;--_gs-p-tablet:0 0 0 0;--_gs-bg-tablet:transparent none;--_gs-bg-xp-tablet:0px;--_gs-zi-tablet:auto;--_gs-d-tablet:block;--_gs-mw-tablet:calc(100% - 0 - 0);--_gs-gap-mobile:0px 0px;--_gs-m-mobile:0 0 0 0;--_gs-p-mobile:0 0 0 0;--_gs-bg-mobile:transparent none;--_gs-bg-xp-mobile:0px;--_gs-zi-mobile:auto;--_gs-d-mobile:block;--_gs-mw-mobile:calc(100% - 0 - 0);--_gs-columns:12;--_gs-rows:6\"><div class=\"grids-s-w_i\">\n<div class=\"grids-area animated fadeInLeft\" style=\"--_ga-column:1\/8;--_ga-row:1\/7;--_ga-va:center;--_ga-m-desktop:0 0 0 0;--_ga-p-desktop:0 0 0 0;--_ga-bg-desktop:transparent none;--_ga-zi-desktop:auto;--_ga-d-desktop:flex;--_ga-mw-desktop:calc(100% - 0 - 0);--_ga-m-tablet:0 0 0 0;--_ga-p-tablet:0 0 0 0;--_ga-bg-tablet:transparent none;--_ga-zi-tablet:auto;--_ga-d-tablet:flex;--_ga-mw-tablet:calc(100% - 0 - 0);--_ga-m-mobile:0 0 0 0;--_ga-p-mobile:0 0 0 0;--_ga-bg-mobile:transparent none;--_ga-zi-mobile:auto;--_ga-d-mobile:flex;--_ga-mw-mobile:calc(100% - 0 - 0)\">\n\n<figure class=\"wp-block-image size-large\"><img loading=\"lazy\" decoding=\"async\" width=\"1024\" height=\"768\" src=\"http:\/\/facchinold.digitalia.website\/wp-content\/uploads\/2021\/06\/bottiglia-malanotte-piave-1.jpg\" alt=\"\" class=\"wp-image-1513\" srcset=\"https:\/\/facchinold.digitalia.website\/wp-content\/uploads\/2021\/06\/bottiglia-malanotte-piave-1.jpg 1024w, https:\/\/facchinold.digitalia.website\/wp-content\/uploads\/2021\/06\/bottiglia-malanotte-piave-1-300x225.jpg 300w, https:\/\/facchinold.digitalia.website\/wp-content\/uploads\/2021\/06\/bottiglia-malanotte-piave-1-768x576.jpg 768w\" sizes=\"auto, (max-width: 1024px) 100vw, 1024px\" \/><\/figure>\n\n<\/div>\n\n<div class=\"grids-area animated fadeInRight\" style=\"--_ga-column:8\/13;--_ga-row:3\/5;--_ga-m-desktop:0 0 0 0;--_ga-p-desktop:0 100px 0 100px;--_ga-bg-desktop:transparent none;--_ga-zi-desktop:auto;--_ga-d-desktop:flex;--_ga-mw-desktop:calc(100% - 0 - 0);--_ga-m-tablet:0 0 0 0;--_ga-p-tablet:0 50px 0 50px;--_ga-bg-tablet:transparent none;--_ga-zi-tablet:auto;--_ga-d-tablet:flex;--_ga-mw-tablet:calc(100% - 0 - 0);--_ga-m-mobile:0 0 0 0;--_ga-p-mobile:0 50px 0 50px;--_ga-bg-mobile:transparent none;--_ga-zi-mobile:auto;--_ga-d-mobile:flex;--_ga-mw-mobile:calc(100% - 0 - 0)\">\n\n<h3 class=\"has-text-color wp-block-heading\" style=\"color:#c29436\">DOC Piave e DOCG Malanotte del Piave<\/h3>\n\n\n\n<p>Nella vasta area del Piave, che rappresenta una delle DOC pi\u00f9 estese dell\u2019Italia settentrionale, vi \u00e8 una grande variet\u00e0 di terreni e microclimi, che consente di ottenere vini particolarmente differenziati tra loro e da diversi vitigni.\u00a0<\/p>\n\n\n\n<p>Tra i vini bianchi che l\u2019azienda Facchin produce, vi \u00e8 il Pinot Grigio delle Venezie DOC, un vino piacevolmente fruttato e pluripremiato.\u00a0<\/p>\n\n\n\n<p>Tra i vini rossi, oltre al Cabernet DOC Piave, Facchin produce pi\u00f9 tipologie di Raboso, un grande vino della tradizione veneta, di colore rosso rubino con una decisa consistenza e note fruttate di ribes e amarene, profumi di sottobosco e spezie. Tra le variet\u00e0 di Raboso vinificate in casa Facchin spicca il Malanotte del Piave DOCG \u201cUnno\u201d, vincitore di numerosi riconoscimenti.<\/p>\n\n\n\n<div class=\"wp-block-buttons is-content-justification-center is-layout-flex wp-block-buttons-is-layout-flex\">\n<div class=\"wp-block-button\"><a class=\"wp-block-button__link has-primary-background-color has-text-color has-background\" href=\"https:\/\/www.antoniofacchinshop.it\/it\/vini-rossi\" style=\"color:#f9d17f\" target=\"_blank\" rel=\"vi noopener\">Acquista SUBITO<\/a><\/div>\n<\/div>\n\n<\/div>\n<\/div><\/div>","protected":false},"excerpt":{"rendered":"","protected":false},"author":8,"featured_media":0,"parent":46,"menu_order":3,"comment_status":"closed","ping_status":"closed","template":"","meta":{"_acf_changed":false,"_uag_custom_page_level_css":"","footnotes":""},"class_list":["post-1284","page","type-page","status-publish","hentry"],"acf":[],"yoast_head":"<!-- This site is optimized with the Yoast SEO plugin v27.2 - https:\/\/yoast.com\/product\/yoast-seo-wordpress\/ -->\n<title>Vino DOC e DOCG - Antonio Facchin<\/title>\n<meta name=\"description\" content=\"Ci troviamo a cavallo di tre importanti denominazioni, la Conegliano Valdobbiadene Prosecco DOCG, la Prosecco DOC Treviso e la DOC Piave.\" \/>\n<meta name=\"robots\" content=\"index, follow, max-snippet:-1, max-image-preview:large, max-video-preview:-1\" \/>\n<link rel=\"canonical\" href=\"https:\/\/facchinold.digitalia.website\/it\/viticoltori-e-vinificatori\/vino-doc-e-docg\/\" \/>\n<meta property=\"og:locale\" content=\"it_IT\" \/>\n<meta property=\"og:type\" content=\"article\" \/>\n<meta property=\"og:title\" content=\"Vino DOC e DOCG - Antonio Facchin\" \/>\n<meta property=\"og:description\" content=\"Ci troviamo a cavallo di tre importanti denominazioni, la Conegliano Valdobbiadene Prosecco DOCG, la Prosecco DOC Treviso e la DOC Piave.\" \/>\n<meta property=\"og:url\" content=\"https:\/\/facchinold.digitalia.website\/it\/viticoltori-e-vinificatori\/vino-doc-e-docg\/\" \/>\n<meta property=\"og:site_name\" content=\"Antonio Facchin\" \/>\n<meta property=\"article:modified_time\" content=\"2021-10-06T07:17:13+00:00\" \/>\n<meta property=\"og:image\" content=\"http:\/\/facchinold.digitalia.website\/wp-content\/uploads\/2021\/06\/bottiglia-conegliano-valdobbiadene.jpg\" \/>\n<meta name=\"twitter:card\" content=\"summary_large_image\" \/>\n<meta name=\"twitter:label1\" content=\"Tempo di lettura stimato\" \/>\n\t<meta name=\"twitter:data1\" content=\"3 minuti\" \/>\n<!-- \/ Yoast SEO plugin. -->","yoast_head_json":{"title":"Vino DOC e DOCG - Antonio Facchin","description":"Ci troviamo a cavallo di tre importanti denominazioni, la Conegliano Valdobbiadene Prosecco DOCG, la Prosecco DOC Treviso e la DOC Piave.","robots":{"index":"index","follow":"follow","max-snippet":"max-snippet:-1","max-image-preview":"max-image-preview:large","max-video-preview":"max-video-preview:-1"},"canonical":"https:\/\/facchinold.digitalia.website\/it\/viticoltori-e-vinificatori\/vino-doc-e-docg\/","og_locale":"it_IT","og_type":"article","og_title":"Vino DOC e DOCG - Antonio Facchin","og_description":"Ci troviamo a cavallo di tre importanti denominazioni, la Conegliano Valdobbiadene Prosecco DOCG, la Prosecco DOC Treviso e la DOC Piave.","og_url":"https:\/\/facchinold.digitalia.website\/it\/viticoltori-e-vinificatori\/vino-doc-e-docg\/","og_site_name":"Antonio Facchin","article_modified_time":"2021-10-06T07:17:13+00:00","og_image":[{"url":"http:\/\/facchinold.digitalia.website\/wp-content\/uploads\/2021\/06\/bottiglia-conegliano-valdobbiadene.jpg","type":"","width":"","height":""}],"twitter_card":"summary_large_image","twitter_misc":{"Tempo di lettura stimato":"3 minuti"},"schema":{"@context":"https:\/\/schema.org","@graph":[{"@type":"WebPage","@id":"https:\/\/facchinold.digitalia.website\/it\/viticoltori-e-vinificatori\/vino-doc-e-docg\/","url":"https:\/\/facchinold.digitalia.website\/it\/viticoltori-e-vinificatori\/vino-doc-e-docg\/","name":"Vino DOC e DOCG - Antonio Facchin","isPartOf":{"@id":"https:\/\/facchinold.digitalia.website\/it\/#website"},"primaryImageOfPage":{"@id":"https:\/\/facchinold.digitalia.website\/it\/viticoltori-e-vinificatori\/vino-doc-e-docg\/#primaryimage"},"image":{"@id":"https:\/\/facchinold.digitalia.website\/it\/viticoltori-e-vinificatori\/vino-doc-e-docg\/#primaryimage"},"thumbnailUrl":"http:\/\/facchinold.digitalia.website\/wp-content\/uploads\/2021\/06\/bottiglia-conegliano-valdobbiadene.jpg","datePublished":"2021-05-19T09:17:56+00:00","dateModified":"2021-10-06T07:17:13+00:00","description":"Ci troviamo a cavallo di tre importanti denominazioni, la Conegliano Valdobbiadene Prosecco DOCG, la Prosecco DOC Treviso e la DOC Piave.","breadcrumb":{"@id":"https:\/\/facchinold.digitalia.website\/it\/viticoltori-e-vinificatori\/vino-doc-e-docg\/#breadcrumb"},"inLanguage":"it-IT","potentialAction":[{"@type":"ReadAction","target":["https:\/\/facchinold.digitalia.website\/it\/viticoltori-e-vinificatori\/vino-doc-e-docg\/"]}]},{"@type":"ImageObject","inLanguage":"it-IT","@id":"https:\/\/facchinold.digitalia.website\/it\/viticoltori-e-vinificatori\/vino-doc-e-docg\/#primaryimage","url":"http:\/\/facchinold.digitalia.website\/wp-content\/uploads\/2021\/06\/bottiglia-conegliano-valdobbiadene.jpg","contentUrl":"http:\/\/facchinold.digitalia.website\/wp-content\/uploads\/2021\/06\/bottiglia-conegliano-valdobbiadene.jpg"},{"@type":"BreadcrumbList","@id":"https:\/\/facchinold.digitalia.website\/it\/viticoltori-e-vinificatori\/vino-doc-e-docg\/#breadcrumb","itemListElement":[{"@type":"ListItem","position":1,"name":"Homepage","item":"https:\/\/facchinold.digitalia.website\/it\/"},{"@type":"ListItem","position":2,"name":"Viticoltori e vinificatori","item":"https:\/\/facchinold.digitalia.website\/it\/viticoltori-e-vinificatori\/"},{"@type":"ListItem","position":3,"name":"Vino DOC e DOCG"}]},{"@type":"WebSite","@id":"https:\/\/facchinold.digitalia.website\/it\/#website","url":"https:\/\/facchinold.digitalia.website\/it\/","name":"Antonio Facchin","description":"","publisher":{"@id":"https:\/\/facchinold.digitalia.website\/it\/#organization"},"potentialAction":[{"@type":"SearchAction","target":{"@type":"EntryPoint","urlTemplate":"https:\/\/facchinold.digitalia.website\/it\/?s={search_term_string}"},"query-input":{"@type":"PropertyValueSpecification","valueRequired":true,"valueName":"search_term_string"}}],"inLanguage":"it-IT"},{"@type":"Organization","@id":"https:\/\/facchinold.digitalia.website\/it\/#organization","name":"Antonio Facchin","url":"https:\/\/facchinold.digitalia.website\/it\/","logo":{"@type":"ImageObject","inLanguage":"it-IT","@id":"https:\/\/facchinold.digitalia.website\/it\/#\/schema\/logo\/image\/","url":"https:\/\/facchinold.digitalia.website\/wp-content\/uploads\/2020\/12\/cropped-antonio-facchin.png","contentUrl":"https:\/\/facchinold.digitalia.website\/wp-content\/uploads\/2020\/12\/cropped-antonio-facchin.png","width":400,"height":213,"caption":"Antonio Facchin"},"image":{"@id":"https:\/\/facchinold.digitalia.website\/it\/#\/schema\/logo\/image\/"}}]}},"uagb_featured_image_src":{"full":false,"thumbnail":false,"medium":false,"medium_large":false,"large":false,"1536x1536":false,"2048x2048":false,"alm-thumbnail":false,"post-thumbnail":false,"twentytwenty-fullscreen":false},"uagb_author_info":{"display_name":"AFacchin","author_link":"https:\/\/facchinold.digitalia.website\/it\/author\/afacchin\/"},"uagb_comment_info":0,"uagb_excerpt":null,"_links":{"self":[{"href":"https:\/\/facchinold.digitalia.website\/it\/wp-json\/wp\/v2\/pages\/1284","targetHints":{"allow":["GET"]}}],"collection":[{"href":"https:\/\/facchinold.digitalia.website\/it\/wp-json\/wp\/v2\/pages"}],"about":[{"href":"https:\/\/facchinold.digitalia.website\/it\/wp-json\/wp\/v2\/types\/page"}],"author":[{"embeddable":true,"href":"https:\/\/facchinold.digitalia.website\/it\/wp-json\/wp\/v2\/users\/8"}],"replies":[{"embeddable":true,"href":"https:\/\/facchinold.digitalia.website\/it\/wp-json\/wp\/v2\/comments?post=1284"}],"version-history":[{"count":8,"href":"https:\/\/facchinold.digitalia.website\/it\/wp-json\/wp\/v2\/pages\/1284\/revisions"}],"predecessor-version":[{"id":1874,"href":"https:\/\/facchinold.digitalia.website\/it\/wp-json\/wp\/v2\/pages\/1284\/revisions\/1874"}],"up":[{"embeddable":true,"href":"https:\/\/facchinold.digitalia.website\/it\/wp-json\/wp\/v2\/pages\/46"}],"wp:attachment":[{"href":"https:\/\/facchinold.digitalia.website\/it\/wp-json\/wp\/v2\/media?parent=1284"}],"curies":[{"name":"wp","href":"https:\/\/api.w.org\/{rel}","templated":true}]}}