{"id":1285,"date":"2021-05-19T09:18:13","date_gmt":"2021-05-19T09:18:13","guid":{"rendered":"http:\/\/facchinold.digitalia.website\/?page_id=1285"},"modified":"2021-10-21T11:24:28","modified_gmt":"2021-10-21T09:24:28","slug":"vino-e-sostenibilita","status":"publish","type":"page","link":"https:\/\/facchinold.digitalia.website\/it\/viticoltori-e-vinificatori\/vino-e-sostenibilita\/","title":{"rendered":"Vino e sostenibilit\u00e0"},"content":{"rendered":"<div  class=\"grids-section grids-is-advanced alignfull\" style=\"--_gs-gap-desktop:0px 0px;--_gs-m-desktop:0 0 0 0;--_gs-p-desktop:0 0 0 0;--_gs-bg-desktop:transparent none;--_gs-bg-xp-desktop:0px;--_gs-zi-desktop:auto;--_gs-d-desktop:block;--_gs-mw-desktop:calc(100% - 0 - 0);--_gs-gap-tablet:0px 0px;--_gs-m-tablet:0 0 0 0;--_gs-p-tablet:0 0 0 0;--_gs-bg-tablet:transparent none;--_gs-bg-xp-tablet:0px;--_gs-zi-tablet:auto;--_gs-d-tablet:block;--_gs-mw-tablet:calc(100% - 0 - 0);--_gs-gap-mobile:0px 0px;--_gs-m-mobile:0 0 0 0;--_gs-p-mobile:0 0 0 0;--_gs-bg-mobile:transparent none;--_gs-bg-xp-mobile:0px;--_gs-zi-mobile:auto;--_gs-d-mobile:block;--_gs-mw-mobile:calc(100% - 0 - 0);--_gs-columns:12;--_gs-rows:6\"><div class=\"grids-s-w_i\">\n<div class=\"grids-area animated fadeInLeft\" style=\"--_ga-column:1\/10;--_ga-row:1\/7;--_ga-m-desktop:0 0 0 0;--_ga-p-desktop:0 0 0 0;--_ga-bg-desktop:#f1f1f1 none;--_ga-zi-desktop:auto;--_ga-d-desktop:flex;--_ga-mw-desktop:calc(100% - 0 - 0);--_ga-m-tablet:0 0 0 0;--_ga-p-tablet:0 0 0 0;--_ga-bg-tablet:#f1f1f1 none;--_ga-zi-tablet:auto;--_ga-d-tablet:flex;--_ga-mw-tablet:calc(100% - 0 - 0);--_ga-m-mobile:0 0 0 0;--_ga-p-mobile:0 0 0 0;--_ga-bg-mobile:#f1f1f1 none;--_ga-zi-mobile:auto;--_ga-d-mobile:flex;--_ga-mw-mobile:calc(100% - 0 - 0)\"><\/div>\n\n<div class=\"grids-area animated fadeInLeft\" style=\"--_ga-column:2\/9;--_ga-row:2\/6;--_ga-m-desktop:0 0 0 0;--_ga-p-desktop:50px 0 50px 0;--_ga-bg-desktop:#f1f1f1 none;--_ga-zi-desktop:auto;--_ga-d-desktop:flex;--_ga-mw-desktop:calc(100% - 0 - 0);--_ga-m-tablet:0 0 0 0;--_ga-p-tablet:50px 0 50px 0;--_ga-bg-tablet:#f1f1f1 none;--_ga-zi-tablet:auto;--_ga-d-tablet:flex;--_ga-mw-tablet:calc(100% - 0 - 0);--_ga-m-mobile:0 0 0 0;--_ga-p-mobile:20px 20px 20px 20px;--_ga-bg-mobile:#f1f1f1 none;--_ga-zi-mobile:auto;--_ga-d-mobile:flex;--_ga-mw-mobile:calc(100% - 0 - 0)\">\n\n<h2 class=\"has-text-color wp-block-heading\" style=\"color:#c29436\">Certificazione di qualit\u00e0 sostenibile, riciclo e vendemmia sociale<\/h2>\n\n\n\n<p>La sostenibilit\u00e0 \u00e8 uno dei grandi temi attuali nel mondo della viticoltura e anche l\u2019azienda Antonio Facchin si muove in questa direzione.<\/p>\n\n\n\n<p>In anticipo rispetto alla maggioranza degli altri produttori di Prosecco, l\u2019azienda Antonio Facchin ha ottenuto la <strong>certificazione di qualit\u00e0 sostenibile APE<\/strong>, che viene attribuita a un sistema di produzione improntato al rispetto di criteri e di norme che riducono al minimo l\u2019uso di sostanze chimiche, pesticidi e fertilizzanti. Lo scopo di tale scelta produttiva \u00e8 garantire una qualit\u00e0 del prodotto significativamente superiore alle norme commerciali correnti e, in contemporanea, salvaguardare l\u2019ambiente tanto da richiamare la presenza delle api, nonch\u00e9 tutelare la salute degli operatori, dei consumatori e dei cittadini tutti.<\/p>\n\n<\/div>\n\n<div class=\"grids-area animated fadeInRight\" style=\"--_ga-column:10\/13;--_ga-row:1\/7;--_ga-m-desktop:0 0 0 0;--_ga-p-desktop:0 0 0 0;--_ga-bg-desktop:transparent url(https:\/\/facchinold.digitalia.website\/wp-content\/uploads\/2021\/10\/0B0A3726-CF-Codogne-11-Maggio-2021-mr.jpg) no-repeat 100% 50%  \/ cover;--_ga-zi-desktop:auto;--_ga-d-desktop:flex;--_ga-mw-desktop:calc(100% - 0 - 0);--_ga-m-tablet:0 0 0 0;--_ga-p-tablet:100px 0 100px 0;--_ga-bg-tablet:transparent url(https:\/\/facchinold.digitalia.website\/wp-content\/uploads\/2021\/10\/0B0A3726-CF-Codogne-11-Maggio-2021-mr.jpg) no-repeat 100% 50%  \/ cover;--_ga-zi-tablet:auto;--_ga-d-tablet:flex;--_ga-mw-tablet:calc(100% - 0 - 0);--_ga-m-mobile:0 0 0 0;--_ga-p-mobile:100px 0 100px 0;--_ga-bg-mobile:transparent url(https:\/\/facchinold.digitalia.website\/wp-content\/uploads\/2021\/10\/0B0A3726-CF-Codogne-11-Maggio-2021-mr.jpg) no-repeat 100% 50%  \/ cover;--_ga-zi-mobile:auto;--_ga-d-mobile:flex;--_ga-mw-mobile:calc(100% - 0 - 0)\"><\/div>\n<\/div><\/div>\n\n<div  class=\"grids-section grids-is-advanced alignfull\" style=\"--_gs-gap-desktop:0px 0px;--_gs-m-desktop:0 0 0 0;--_gs-p-desktop:0 0 0 0;--_gs-bg-desktop:transparent none;--_gs-bg-xp-desktop:0px;--_gs-zi-desktop:auto;--_gs-d-desktop:block;--_gs-mw-desktop:calc(100% - 0 - 0);--_gs-gap-tablet:0px 0px;--_gs-m-tablet:0 0 0 0;--_gs-p-tablet:0 0 0 0;--_gs-bg-tablet:transparent none;--_gs-bg-xp-tablet:0px;--_gs-zi-tablet:auto;--_gs-d-tablet:block;--_gs-mw-tablet:calc(100% - 0 - 0);--_gs-gap-mobile:0px 0px;--_gs-m-mobile:0 0 0 0;--_gs-p-mobile:0 0 0 0;--_gs-bg-mobile:transparent none;--_gs-bg-xp-mobile:0px;--_gs-zi-mobile:auto;--_gs-d-mobile:block;--_gs-mw-mobile:calc(100% - 0 - 0);--_gs-columns:12;--_gs-rows:6\"><div class=\"grids-s-w_i\">\n<div class=\"grids-area animated fadeInLeft\" style=\"--_ga-column:1\/8;--_ga-row:1\/7;--_ga-va:center;--_ga-m-desktop:0 0 0 0;--_ga-p-desktop:0 0 0 0;--_ga-bg-desktop:transparent none;--_ga-zi-desktop:auto;--_ga-d-desktop:flex;--_ga-mw-desktop:calc(100% - 0 - 0);--_ga-m-tablet:0 0 0 0;--_ga-p-tablet:0 0 0 0;--_ga-bg-tablet:transparent none;--_ga-zi-tablet:auto;--_ga-d-tablet:flex;--_ga-mw-tablet:calc(100% - 0 - 0);--_ga-m-mobile:0 0 0 0;--_ga-p-mobile:0 0 0 0;--_ga-bg-mobile:transparent none;--_ga-zi-mobile:auto;--_ga-d-mobile:none;--_ga-mw-mobile:calc(100% - 0 - 0)\">\n\n<figure class=\"wp-block-image size-large\"><img loading=\"lazy\" decoding=\"async\" width=\"1024\" height=\"768\" src=\"http:\/\/facchinold.digitalia.website\/wp-content\/uploads\/2021\/06\/vigna-antonio-facchin.jpg\" alt=\"\" class=\"wp-image-1359\" srcset=\"https:\/\/facchinold.digitalia.website\/wp-content\/uploads\/2021\/06\/vigna-antonio-facchin.jpg 1024w, https:\/\/facchinold.digitalia.website\/wp-content\/uploads\/2021\/06\/vigna-antonio-facchin-300x225.jpg 300w, https:\/\/facchinold.digitalia.website\/wp-content\/uploads\/2021\/06\/vigna-antonio-facchin-768x576.jpg 768w\" sizes=\"auto, (max-width: 1024px) 100vw, 1024px\" \/><\/figure>\n\n<\/div>\n\n<div class=\"grids-area animated fadeInRight\" style=\"--_ga-column:9\/13;--_ga-row:3\/5;--_ga-va:center;--_ga-m-desktop:0 0 0 0;--_ga-p-desktop:0 50px 0 0;--_ga-bg-desktop:transparent none;--_ga-zi-desktop:auto;--_ga-d-desktop:flex;--_ga-mw-desktop:calc(100% - 0 - 0);--_ga-m-tablet:0 0 0 0;--_ga-p-tablet:0 50px 0 0;--_ga-bg-tablet:transparent none;--_ga-zi-tablet:auto;--_ga-d-tablet:flex;--_ga-mw-tablet:calc(100% - 0 - 0);--_ga-m-mobile:0 0 0 0;--_ga-p-mobile:0 50px 0 0;--_ga-bg-mobile:transparent none;--_ga-zi-mobile:auto;--_ga-d-mobile:flex;--_ga-mw-mobile:calc(100% - 0 - 0)\">\n\n<p>Inoltre, per la produzione del proprio vino da agricoltura sostenibile, l\u2019azienda Facchin utilizza esclusivamente <strong>energia verde<\/strong>, ovvero energia prodotta da fonti rinnovabili, garantendo il riciclo delle materie malgrado i costi pi\u00f9 elevati. Sempre in tema di riciclo, l\u2019azienda non utilizza vetro bianco per le sue bottiglie ma preferisce quello scuro che, da una parte, preserva meglio il vino e, dall\u2019altra, limita il consumo di vetro vergine cos\u00ec da riutilizzare fino al 90% di materiale.&nbsp;<\/p>\n\n<\/div>\n<\/div><\/div>\n\n<div  class=\"grids-section grids-is-advanced alignfull\" style=\"--_gs-gap-desktop:0px 0px;--_gs-m-desktop:0 0 0 0;--_gs-p-desktop:0 100px 0 100px;--_gs-bg-desktop:transparent none;--_gs-bg-xp-desktop:0px;--_gs-zi-desktop:auto;--_gs-d-desktop:block;--_gs-mw-desktop:calc(100% - 0 - 0);--_gs-gap-tablet:0px 0px;--_gs-m-tablet:0 0 0 0;--_gs-p-tablet:0 50px 0 50px;--_gs-bg-tablet:transparent none;--_gs-bg-xp-tablet:0px;--_gs-zi-tablet:auto;--_gs-d-tablet:block;--_gs-mw-tablet:calc(100% - 0 - 0);--_gs-gap-mobile:0px 0px;--_gs-m-mobile:0 0 0 0;--_gs-p-mobile:0 0px 0 0px;--_gs-bg-mobile:transparent none;--_gs-bg-xp-mobile:0px;--_gs-zi-mobile:auto;--_gs-d-mobile:block;--_gs-mw-mobile:calc(100% - 0 - 0);--_gs-columns:12;--_gs-rows:6\"><div class=\"grids-s-w_i\">\n<div class=\"grids-area animated fadeInLeft\" style=\"--_ga-column:1\/5;--_ga-row:3\/5;--_ga-va:center;--_ga-m-desktop:0 0 0 0;--_ga-p-desktop:0 0 0 0;--_ga-bg-desktop:transparent none;--_ga-zi-desktop:auto;--_ga-d-desktop:flex;--_ga-mw-desktop:calc(100% - 0 - 0);--_ga-m-tablet:0 0 0 0;--_ga-p-tablet:0 0 0 0;--_ga-bg-tablet:transparent none;--_ga-zi-tablet:auto;--_ga-d-tablet:flex;--_ga-mw-tablet:calc(100% - 0 - 0);--_ga-m-mobile:0 0 0 0;--_ga-p-mobile:0 0 0 0;--_ga-bg-mobile:transparent none;--_ga-zi-mobile:auto;--_ga-d-mobile:flex;--_ga-mw-mobile:calc(100% - 0 - 0)\">\n\n<p>Con un\u2019estensione del termine, sostenibilit\u00e0 significa anche responsabilit\u00e0 economica e sociale, che include ad esempio la cura dei lavoratori. Il momento della vendemmia in casa Facchin e, in particolare la vendemmia sociale (<strong>#vendemmiasociale<\/strong>) nata per sostenere i malati oncologici e le loro famiglie, esemplifica questa attenzione dell\u2019azienda per il benessere sociale. La vendemmia \u00e8 il momento in cui si portano a casa i risultati di un anno intero e quindi, malgrado il duro lavoro, \u00e8 una festa. E in quanto tale, si conclude quotidianamente, secondo la pi\u00f9 antica tradizione contadina, con un momento di convivialit\u00e0 in agriturismo a mangiare e bere i prodotti di cui la terra ci fa dono.<\/p>\n\n<\/div>\n\n<div class=\"grids-area animated fadeInRight\" style=\"--_ga-column:6\/13;--_ga-row:1\/7;--_ga-va:center;--_ga-m-desktop:0 0 0 0;--_ga-p-desktop:0 0 0 0;--_ga-bg-desktop:transparent none;--_ga-zi-desktop:auto;--_ga-d-desktop:flex;--_ga-mw-desktop:calc(100% - 0 - 0);--_ga-m-tablet:0 0 0 0;--_ga-p-tablet:0 0 0 0;--_ga-bg-tablet:transparent none;--_ga-zi-tablet:auto;--_ga-d-tablet:flex;--_ga-mw-tablet:calc(100% - 0 - 0);--_ga-m-mobile:0 0 0 0;--_ga-p-mobile:0 0 0 0;--_ga-bg-mobile:transparent none;--_ga-zi-mobile:auto;--_ga-d-mobile:flex;--_ga-mw-mobile:calc(100% - 0 - 0)\">\n\n<figure class=\"wp-block-image size-large\"><img loading=\"lazy\" decoding=\"async\" width=\"1024\" height=\"768\" src=\"http:\/\/facchinold.digitalia.website\/wp-content\/uploads\/2021\/10\/vendemmia-antonio-facchin-1.jpg\" alt=\"\" class=\"wp-image-1921\" srcset=\"https:\/\/facchinold.digitalia.website\/wp-content\/uploads\/2021\/10\/vendemmia-antonio-facchin-1.jpg 1024w, https:\/\/facchinold.digitalia.website\/wp-content\/uploads\/2021\/10\/vendemmia-antonio-facchin-1-300x225.jpg 300w, https:\/\/facchinold.digitalia.website\/wp-content\/uploads\/2021\/10\/vendemmia-antonio-facchin-1-768x576.jpg 768w\" sizes=\"auto, (max-width: 1024px) 100vw, 1024px\" \/><\/figure>\n\n<\/div>\n<\/div><\/div>\n\n\n\n","protected":false},"excerpt":{"rendered":"","protected":false},"author":8,"featured_media":0,"parent":46,"menu_order":4,"comment_status":"closed","ping_status":"closed","template":"","meta":{"_acf_changed":false,"_uag_custom_page_level_css":"","footnotes":""},"class_list":["post-1285","page","type-page","status-publish","hentry"],"acf":[],"yoast_head":"<!-- This site is optimized with the Yoast SEO plugin v27.2 - https:\/\/yoast.com\/product\/yoast-seo-wordpress\/ -->\n<title>Vino e sostenibilit\u00e0 - Antonio Facchin<\/title>\n<meta name=\"description\" content=\"La sostenibilit\u00e0 \u00e8 uno dei grandi temi attuali nel mondo della viticoltura e la nostra azienda si muove da sempre in questa direzione.\" \/>\n<meta name=\"robots\" content=\"index, follow, max-snippet:-1, max-image-preview:large, max-video-preview:-1\" \/>\n<link rel=\"canonical\" href=\"https:\/\/facchinold.digitalia.website\/it\/viticoltori-e-vinificatori\/vino-e-sostenibilita\/\" \/>\n<meta property=\"og:locale\" content=\"it_IT\" \/>\n<meta property=\"og:type\" content=\"article\" \/>\n<meta property=\"og:title\" content=\"Vino e sostenibilit\u00e0 - Antonio Facchin\" \/>\n<meta property=\"og:description\" content=\"La sostenibilit\u00e0 \u00e8 uno dei grandi temi attuali nel mondo della viticoltura e la nostra azienda si muove da sempre in questa direzione.\" \/>\n<meta property=\"og:url\" content=\"https:\/\/facchinold.digitalia.website\/it\/viticoltori-e-vinificatori\/vino-e-sostenibilita\/\" \/>\n<meta property=\"og:site_name\" content=\"Antonio Facchin\" \/>\n<meta property=\"article:modified_time\" content=\"2021-10-21T09:24:28+00:00\" \/>\n<meta property=\"og:image\" content=\"http:\/\/facchinold.digitalia.website\/wp-content\/uploads\/2021\/06\/vigna-antonio-facchin.jpg\" \/>\n<meta name=\"twitter:card\" content=\"summary_large_image\" \/>\n<meta name=\"twitter:label1\" content=\"Tempo di lettura stimato\" \/>\n\t<meta name=\"twitter:data1\" content=\"2 minuti\" \/>\n<!-- \/ Yoast SEO plugin. -->","yoast_head_json":{"title":"Vino e sostenibilit\u00e0 - Antonio Facchin","description":"La sostenibilit\u00e0 \u00e8 uno dei grandi temi attuali nel mondo della viticoltura e la nostra azienda si muove da sempre in questa direzione.","robots":{"index":"index","follow":"follow","max-snippet":"max-snippet:-1","max-image-preview":"max-image-preview:large","max-video-preview":"max-video-preview:-1"},"canonical":"https:\/\/facchinold.digitalia.website\/it\/viticoltori-e-vinificatori\/vino-e-sostenibilita\/","og_locale":"it_IT","og_type":"article","og_title":"Vino e sostenibilit\u00e0 - Antonio Facchin","og_description":"La sostenibilit\u00e0 \u00e8 uno dei grandi temi attuali nel mondo della viticoltura e la nostra azienda si muove da sempre in questa direzione.","og_url":"https:\/\/facchinold.digitalia.website\/it\/viticoltori-e-vinificatori\/vino-e-sostenibilita\/","og_site_name":"Antonio Facchin","article_modified_time":"2021-10-21T09:24:28+00:00","og_image":[{"url":"http:\/\/facchinold.digitalia.website\/wp-content\/uploads\/2021\/06\/vigna-antonio-facchin.jpg","type":"","width":"","height":""}],"twitter_card":"summary_large_image","twitter_misc":{"Tempo di lettura stimato":"2 minuti"},"schema":{"@context":"https:\/\/schema.org","@graph":[{"@type":"WebPage","@id":"https:\/\/facchinold.digitalia.website\/it\/viticoltori-e-vinificatori\/vino-e-sostenibilita\/","url":"https:\/\/facchinold.digitalia.website\/it\/viticoltori-e-vinificatori\/vino-e-sostenibilita\/","name":"Vino e sostenibilit\u00e0 - Antonio Facchin","isPartOf":{"@id":"https:\/\/facchinold.digitalia.website\/it\/#website"},"primaryImageOfPage":{"@id":"https:\/\/facchinold.digitalia.website\/it\/viticoltori-e-vinificatori\/vino-e-sostenibilita\/#primaryimage"},"image":{"@id":"https:\/\/facchinold.digitalia.website\/it\/viticoltori-e-vinificatori\/vino-e-sostenibilita\/#primaryimage"},"thumbnailUrl":"http:\/\/facchinold.digitalia.website\/wp-content\/uploads\/2021\/06\/vigna-antonio-facchin.jpg","datePublished":"2021-05-19T09:18:13+00:00","dateModified":"2021-10-21T09:24:28+00:00","description":"La sostenibilit\u00e0 \u00e8 uno dei grandi temi attuali nel mondo della viticoltura e la nostra azienda si muove da sempre in questa direzione.","breadcrumb":{"@id":"https:\/\/facchinold.digitalia.website\/it\/viticoltori-e-vinificatori\/vino-e-sostenibilita\/#breadcrumb"},"inLanguage":"it-IT","potentialAction":[{"@type":"ReadAction","target":["https:\/\/facchinold.digitalia.website\/it\/viticoltori-e-vinificatori\/vino-e-sostenibilita\/"]}]},{"@type":"ImageObject","inLanguage":"it-IT","@id":"https:\/\/facchinold.digitalia.website\/it\/viticoltori-e-vinificatori\/vino-e-sostenibilita\/#primaryimage","url":"http:\/\/facchinold.digitalia.website\/wp-content\/uploads\/2021\/06\/vigna-antonio-facchin.jpg","contentUrl":"http:\/\/facchinold.digitalia.website\/wp-content\/uploads\/2021\/06\/vigna-antonio-facchin.jpg"},{"@type":"BreadcrumbList","@id":"https:\/\/facchinold.digitalia.website\/it\/viticoltori-e-vinificatori\/vino-e-sostenibilita\/#breadcrumb","itemListElement":[{"@type":"ListItem","position":1,"name":"Homepage","item":"https:\/\/facchinold.digitalia.website\/it\/"},{"@type":"ListItem","position":2,"name":"Viticoltori e vinificatori","item":"https:\/\/facchinold.digitalia.website\/it\/viticoltori-e-vinificatori\/"},{"@type":"ListItem","position":3,"name":"Vino e sostenibilit\u00e0"}]},{"@type":"WebSite","@id":"https:\/\/facchinold.digitalia.website\/it\/#website","url":"https:\/\/facchinold.digitalia.website\/it\/","name":"Antonio Facchin","description":"","publisher":{"@id":"https:\/\/facchinold.digitalia.website\/it\/#organization"},"potentialAction":[{"@type":"SearchAction","target":{"@type":"EntryPoint","urlTemplate":"https:\/\/facchinold.digitalia.website\/it\/?s={search_term_string}"},"query-input":{"@type":"PropertyValueSpecification","valueRequired":true,"valueName":"search_term_string"}}],"inLanguage":"it-IT"},{"@type":"Organization","@id":"https:\/\/facchinold.digitalia.website\/it\/#organization","name":"Antonio Facchin","url":"https:\/\/facchinold.digitalia.website\/it\/","logo":{"@type":"ImageObject","inLanguage":"it-IT","@id":"https:\/\/facchinold.digitalia.website\/it\/#\/schema\/logo\/image\/","url":"https:\/\/facchinold.digitalia.website\/wp-content\/uploads\/2020\/12\/cropped-antonio-facchin.png","contentUrl":"https:\/\/facchinold.digitalia.website\/wp-content\/uploads\/2020\/12\/cropped-antonio-facchin.png","width":400,"height":213,"caption":"Antonio Facchin"},"image":{"@id":"https:\/\/facchinold.digitalia.website\/it\/#\/schema\/logo\/image\/"}}]}},"uagb_featured_image_src":{"full":false,"thumbnail":false,"medium":false,"medium_large":false,"large":false,"1536x1536":false,"2048x2048":false,"alm-thumbnail":false,"post-thumbnail":false,"twentytwenty-fullscreen":false},"uagb_author_info":{"display_name":"AFacchin","author_link":"https:\/\/facchinold.digitalia.website\/it\/author\/afacchin\/"},"uagb_comment_info":0,"uagb_excerpt":null,"_links":{"self":[{"href":"https:\/\/facchinold.digitalia.website\/it\/wp-json\/wp\/v2\/pages\/1285","targetHints":{"allow":["GET"]}}],"collection":[{"href":"https:\/\/facchinold.digitalia.website\/it\/wp-json\/wp\/v2\/pages"}],"about":[{"href":"https:\/\/facchinold.digitalia.website\/it\/wp-json\/wp\/v2\/types\/page"}],"author":[{"embeddable":true,"href":"https:\/\/facchinold.digitalia.website\/it\/wp-json\/wp\/v2\/users\/8"}],"replies":[{"embeddable":true,"href":"https:\/\/facchinold.digitalia.website\/it\/wp-json\/wp\/v2\/comments?post=1285"}],"version-history":[{"count":8,"href":"https:\/\/facchinold.digitalia.website\/it\/wp-json\/wp\/v2\/pages\/1285\/revisions"}],"predecessor-version":[{"id":2467,"href":"https:\/\/facchinold.digitalia.website\/it\/wp-json\/wp\/v2\/pages\/1285\/revisions\/2467"}],"up":[{"embeddable":true,"href":"https:\/\/facchinold.digitalia.website\/it\/wp-json\/wp\/v2\/pages\/46"}],"wp:attachment":[{"href":"https:\/\/facchinold.digitalia.website\/it\/wp-json\/wp\/v2\/media?parent=1285"}],"curies":[{"name":"wp","href":"https:\/\/api.w.org\/{rel}","templated":true}]}}