{"id":711,"date":"2020-12-21T09:39:46","date_gmt":"2020-12-21T09:39:46","guid":{"rendered":"http:\/\/facchinold.digitalia.website\/?page_id=711"},"modified":"2025-06-17T17:12:42","modified_gmt":"2025-06-17T15:12:42","slug":"produttori-di-vino-da-generazioni","status":"publish","type":"page","link":"https:\/\/facchinold.digitalia.website\/it\/viticoltori-e-vinificatori\/produttori-di-vino-da-generazioni\/","title":{"rendered":"Produttori di vino da generazioni"},"content":{"rendered":"<div  class=\"grids-section grids-is-advanced alignfull\" style=\"--_gs-gap-desktop:0px 0px;--_gs-m-desktop:0 0 0 0;--_gs-p-desktop:0 0 0 0;--_gs-bg-desktop:transparent none;--_gs-bg-xp-desktop:0px;--_gs-zi-desktop:auto;--_gs-d-desktop:block;--_gs-mw-desktop:calc(100% - 0 - 0);--_gs-gap-tablet:0px 0px;--_gs-m-tablet:0 0 0 0;--_gs-p-tablet:0 0 0 0;--_gs-bg-tablet:transparent none;--_gs-bg-xp-tablet:0px;--_gs-zi-tablet:auto;--_gs-d-tablet:block;--_gs-mw-tablet:calc(100% - 0 - 0);--_gs-gap-mobile:0px 0px;--_gs-m-mobile:0 0 0 0;--_gs-p-mobile:0 0 0 0;--_gs-bg-mobile:transparent none;--_gs-bg-xp-mobile:0px;--_gs-zi-mobile:auto;--_gs-d-mobile:block;--_gs-mw-mobile:calc(100% - 0 - 0);--_gs-columns:12;--_gs-rows:6\"><div class=\"grids-s-w_i\">\n<div class=\"grids-area animated fadeInLeft\" style=\"--_ga-column:1\/10;--_ga-row:1\/7;--_ga-m-desktop:0 0 0 0;--_ga-p-desktop:0 0 0 0;--_ga-bg-desktop:#f1f1f1 none;--_ga-zi-desktop:auto;--_ga-d-desktop:flex;--_ga-mw-desktop:calc(100% - 0 - 0);--_ga-m-tablet:0 0 0 0;--_ga-p-tablet:0 0 0 0;--_ga-bg-tablet:#f1f1f1 none;--_ga-zi-tablet:auto;--_ga-d-tablet:flex;--_ga-mw-tablet:calc(100% - 0 - 0);--_ga-m-mobile:0 0 0 0;--_ga-p-mobile:0 0 0 0;--_ga-bg-mobile:#f1f1f1 none;--_ga-zi-mobile:auto;--_ga-d-mobile:flex;--_ga-mw-mobile:calc(100% - 0 - 0)\"><\/div>\n\n<div class=\"grids-area animated fadeInLeft\" style=\"--_ga-column:2\/9;--_ga-row:2\/6;--_ga-va:center;--_ga-m-desktop:0 0 0 0;--_ga-p-desktop:50px 0 50px 0;--_ga-bg-desktop:transparent none;--_ga-zi-desktop:auto;--_ga-d-desktop:flex;--_ga-mw-desktop:calc(100% - 0 - 0);--_ga-m-tablet:0 0 0 0;--_ga-p-tablet:50px 0 50px 0;--_ga-bg-tablet:transparent none;--_ga-zi-tablet:auto;--_ga-d-tablet:flex;--_ga-mw-tablet:calc(100% - 0 - 0);--_ga-m-mobile:0 0 0 0;--_ga-p-mobile:50px 0 50px 0;--_ga-bg-mobile:transparent none;--_ga-zi-mobile:auto;--_ga-d-mobile:flex;--_ga-mw-mobile:calc(100% - 0 - 0)\">\n\n<h2 class=\"has-text-color wp-block-heading\" style=\"color:#c29436\">Antonio Facchin, 1870, Wines<\/h2>\n\n\n\n<p>La viticoltura \u00e8 una passione che si tramanda da quattro generazioni in casa Facchin e inizia nel 1870, quando Antonio Facchin acquis\u00ec la propriet\u00e0 di qualche ettaro di terreno sulle zone del Piave, dove piant\u00f2 i primi vigneti a quel tempo di &#8220;Raboso Piave&#8221; e sulle colline del Prosecco. A quelle prime vigne, con il tempo, si sono aggiunti altri terreni, dalla Buffer Zone delle colline, gi\u00e0 patrimonio Unesco, alle rive del Piave, nelle zone dei Papadopoli, fino ai confini della provincia di Venezia cos\u00ec da arrivare agli attuali 70 ettari di vigneti complessivi, con diverse variet\u00e0 e in modo particolare il Glera, vitigno che da origine al Prosecco.<\/p>\n\n<\/div>\n<\/div><\/div>\n\n<div  class=\"grids-section grids-is-advanced alignfull\" style=\"--_gs-gap-desktop:0px 0px;--_gs-m-desktop:0 0 0 0;--_gs-p-desktop:0 0 0 0;--_gs-bg-desktop:transparent none;--_gs-bg-xp-desktop:0px;--_gs-zi-desktop:auto;--_gs-d-desktop:block;--_gs-mw-desktop:calc(100% - 0 - 0);--_gs-gap-tablet:0px 0px;--_gs-m-tablet:0 0 0 0;--_gs-p-tablet:0 0 0 0;--_gs-bg-tablet:transparent none;--_gs-bg-xp-tablet:0px;--_gs-zi-tablet:auto;--_gs-d-tablet:block;--_gs-mw-tablet:calc(100% - 0 - 0);--_gs-gap-mobile:0px 0px;--_gs-m-mobile:0 0 0 0;--_gs-p-mobile:0 0 0 0;--_gs-bg-mobile:transparent none;--_gs-bg-xp-mobile:0px;--_gs-zi-mobile:auto;--_gs-d-mobile:block;--_gs-mw-mobile:calc(100% - 0 - 0);--_gs-columns:12;--_gs-rows:6\"><div class=\"grids-s-w_i\">\n<div class=\"grids-area animated fadeIn\" style=\"--_ga-column:1\/10;--_ga-row:1\/6;--_ga-m-desktop:0 0 0 0;--_ga-p-desktop:0 0 0 0;--_ga-bg-desktop:#f1f1f1 none;--_ga-zi-desktop:auto;--_ga-d-desktop:flex;--_ga-mw-desktop:calc(100% - 0 - 0);--_ga-m-tablet:0 0 0 0;--_ga-p-tablet:0 0 0 0;--_ga-bg-tablet:#f1f1f1 none;--_ga-zi-tablet:auto;--_ga-d-tablet:flex;--_ga-mw-tablet:calc(100% - 0 - 0);--_ga-m-mobile:0 0 0 0;--_ga-p-mobile:0 0 0 0;--_ga-bg-mobile:#f1f1f1 none;--_ga-zi-mobile:auto;--_ga-d-mobile:flex;--_ga-mw-mobile:calc(100% - 0 - 0)\"><\/div>\n\n<div class=\"grids-area animated fadeIn\" style=\"--_ga-column:1\/4;--_ga-row:2\/5;--_ga-m-desktop:0 0 0 0;--_ga-p-desktop:0 0 0 0;--_ga-bg-desktop:transparent none;--_ga-zi-desktop:auto;--_ga-d-desktop:flex;--_ga-mw-desktop:calc(100% - 0 - 0);--_ga-m-tablet:0 0 0 0;--_ga-p-tablet:0 0 0 0;--_ga-bg-tablet:transparent none;--_ga-zi-tablet:auto;--_ga-d-tablet:flex;--_ga-mw-tablet:calc(100% - 0 - 0);--_ga-m-mobile:0 0 0 0;--_ga-p-mobile:0 0 0 0;--_ga-bg-mobile:transparent none;--_ga-zi-mobile:auto;--_ga-d-mobile:flex;--_ga-mw-mobile:calc(100% - 0 - 0)\">\n\n<div class=\"wp-block-getwid-banner has-animation-style4 has-text-animation-opacity-bottom has-foreground-0\"><a href=\"#\" class=\"wp-block-getwid-banner__link\"><div class=\"wp-block-getwid-banner__wrapper\"><img loading=\"lazy\" decoding=\"async\" width=\"1024\" height=\"768\" src=\"http:\/\/facchinold.digitalia.website\/wp-content\/uploads\/2021\/06\/bottiglia-fior-di-raboso.jpg\" alt=\"\" class=\"wp-block-getwid-banner__image wp-block-getwid-banner__source wp-image-1390\" srcset=\"https:\/\/facchinold.digitalia.website\/wp-content\/uploads\/2021\/06\/bottiglia-fior-di-raboso.jpg 1024w, https:\/\/facchinold.digitalia.website\/wp-content\/uploads\/2021\/06\/bottiglia-fior-di-raboso-300x225.jpg 300w, https:\/\/facchinold.digitalia.website\/wp-content\/uploads\/2021\/06\/bottiglia-fior-di-raboso-768x576.jpg 768w\" sizes=\"auto, (max-width: 1024px) 100vw, 1024px\" \/><div class=\"wp-block-getwid-banner__caption\"><div class=\"wp-block-getwid-banner__caption-wrapper\"><\/div><\/div><\/div><\/a><\/div>\n\n<\/div>\n\n<div class=\"grids-area animated fadeIn\" style=\"--_ga-column:4\/7;--_ga-row:2\/5;--_ga-m-desktop:0 0 0 0;--_ga-p-desktop:0 0 0 0;--_ga-bg-desktop:transparent none;--_ga-zi-desktop:auto;--_ga-d-desktop:flex;--_ga-mw-desktop:calc(100% - 0 - 0);--_ga-m-tablet:0 0 0 0;--_ga-p-tablet:0 0 0 0;--_ga-bg-tablet:transparent none;--_ga-zi-tablet:auto;--_ga-d-tablet:flex;--_ga-mw-tablet:calc(100% - 0 - 0);--_ga-m-mobile:0 0 0 0;--_ga-p-mobile:0 0 0 0;--_ga-bg-mobile:transparent none;--_ga-zi-mobile:auto;--_ga-d-mobile:flex;--_ga-mw-mobile:calc(100% - 0 - 0)\">\n\n<div class=\"wp-block-getwid-banner has-animation-style4 has-text-animation-opacity-bottom has-foreground-0\"><a href=\"#\" class=\"wp-block-getwid-banner__link\"><div class=\"wp-block-getwid-banner__wrapper\"><img loading=\"lazy\" decoding=\"async\" width=\"1024\" height=\"768\" src=\"http:\/\/facchinold.digitalia.website\/wp-content\/uploads\/2021\/06\/antonio-facchin.jpg\" alt=\"\" class=\"wp-block-getwid-banner__image wp-block-getwid-banner__source wp-image-1384\" srcset=\"https:\/\/facchinold.digitalia.website\/wp-content\/uploads\/2021\/06\/antonio-facchin.jpg 1024w, https:\/\/facchinold.digitalia.website\/wp-content\/uploads\/2021\/06\/antonio-facchin-300x225.jpg 300w, https:\/\/facchinold.digitalia.website\/wp-content\/uploads\/2021\/06\/antonio-facchin-768x576.jpg 768w\" sizes=\"auto, (max-width: 1024px) 100vw, 1024px\" \/><div class=\"wp-block-getwid-banner__caption\"><div class=\"wp-block-getwid-banner__caption-wrapper\"><\/div><\/div><\/div><\/a><\/div>\n\n<\/div>\n\n<div class=\"grids-area animated fadeIn\" style=\"--_ga-column:7\/10;--_ga-row:2\/5;--_ga-m-desktop:0 0 0 0;--_ga-p-desktop:0 0 0 0;--_ga-bg-desktop:transparent none;--_ga-zi-desktop:auto;--_ga-d-desktop:flex;--_ga-mw-desktop:calc(100% - 0 - 0);--_ga-m-tablet:0 0 0 0;--_ga-p-tablet:0 0 0 0;--_ga-bg-tablet:transparent none;--_ga-zi-tablet:auto;--_ga-d-tablet:flex;--_ga-mw-tablet:calc(100% - 0 - 0);--_ga-m-mobile:0 0 0 0;--_ga-p-mobile:0 0 0 0;--_ga-bg-mobile:transparent none;--_ga-zi-mobile:auto;--_ga-d-mobile:flex;--_ga-mw-mobile:calc(100% - 0 - 0)\">\n\n<div class=\"wp-block-getwid-banner has-animation-style4 has-text-animation-opacity-bottom has-foreground-0\"><a href=\"#\" class=\"wp-block-getwid-banner__link\"><div class=\"wp-block-getwid-banner__wrapper\"><img loading=\"lazy\" decoding=\"async\" width=\"1200\" height=\"800\" src=\"http:\/\/facchinold.digitalia.website\/wp-content\/uploads\/2025\/06\/azienda-antonio-facchin.jpg\" alt=\"\" class=\"wp-block-getwid-banner__image wp-block-getwid-banner__source wp-image-3337\" srcset=\"https:\/\/facchinold.digitalia.website\/wp-content\/uploads\/2025\/06\/azienda-antonio-facchin.jpg 1200w, https:\/\/facchinold.digitalia.website\/wp-content\/uploads\/2025\/06\/azienda-antonio-facchin-300x200.jpg 300w, https:\/\/facchinold.digitalia.website\/wp-content\/uploads\/2025\/06\/azienda-antonio-facchin-1024x683.jpg 1024w, https:\/\/facchinold.digitalia.website\/wp-content\/uploads\/2025\/06\/azienda-antonio-facchin-768x512.jpg 768w\" sizes=\"auto, (max-width: 1200px) 100vw, 1200px\" \/><div class=\"wp-block-getwid-banner__caption\"><div class=\"wp-block-getwid-banner__caption-wrapper\"><\/div><\/div><\/div><\/a><\/div>\n\n<\/div>\n\n<div class=\"grids-area\" style=\"--_ga-column:10\/13;--_ga-row:2\/5;--_ga-m-desktop:0 0 0 0;--_ga-p-desktop:0 0 0 0;--_ga-bg-desktop:transparent none;--_ga-zi-desktop:auto;--_ga-d-desktop:flex;--_ga-mw-desktop:calc(100% - 0 - 0);--_ga-m-tablet:0 0 0 0;--_ga-p-tablet:0 0 0 0;--_ga-bg-tablet:transparent none;--_ga-zi-tablet:auto;--_ga-d-tablet:flex;--_ga-mw-tablet:calc(100% - 0 - 0);--_ga-m-mobile:0 0 0 0;--_ga-p-mobile:0 0 0 0;--_ga-bg-mobile:transparent none;--_ga-zi-mobile:auto;--_ga-d-mobile:flex;--_ga-mw-mobile:calc(100% - 0 - 0)\">\n\n<div class=\"wp-block-getwid-banner has-animation-style4 has-text-animation-opacity-bottom\"><a href=\"#\" class=\"wp-block-getwid-banner__link\"><div class=\"wp-block-getwid-banner__wrapper\"><img loading=\"lazy\" decoding=\"async\" width=\"1200\" height=\"798\" src=\"http:\/\/facchinold.digitalia.website\/wp-content\/uploads\/2025\/06\/fratelli-antonio-facchin.jpg\" alt=\"\" class=\"wp-block-getwid-banner__image wp-block-getwid-banner__source wp-image-3340\" srcset=\"https:\/\/facchinold.digitalia.website\/wp-content\/uploads\/2025\/06\/fratelli-antonio-facchin.jpg 1200w, https:\/\/facchinold.digitalia.website\/wp-content\/uploads\/2025\/06\/fratelli-antonio-facchin-300x200.jpg 300w, https:\/\/facchinold.digitalia.website\/wp-content\/uploads\/2025\/06\/fratelli-antonio-facchin-1024x681.jpg 1024w, https:\/\/facchinold.digitalia.website\/wp-content\/uploads\/2025\/06\/fratelli-antonio-facchin-768x511.jpg 768w\" sizes=\"auto, (max-width: 1200px) 100vw, 1200px\" \/><div class=\"wp-block-getwid-banner__caption\"><div class=\"wp-block-getwid-banner__caption-wrapper\"><\/div><\/div><\/div><\/a><\/div>\n\n<\/div>\n<\/div><\/div>\n\n<div  class=\"grids-section animated fadeIn grids-is-advanced alignfull\" style=\"--_gs-gap-desktop:0px 0px;--_gs-m-desktop:0 0 0 0;--_gs-p-desktop:0 0 0 0;--_gs-bg-desktop:transparent none;--_gs-bg-xp-desktop:0px;--_gs-zi-desktop:auto;--_gs-d-desktop:block;--_gs-mw-desktop:calc(100% - 0 - 0);--_gs-gap-tablet:0px 0px;--_gs-m-tablet:0 0 0 0;--_gs-p-tablet:0 0 0 0;--_gs-bg-tablet:transparent none;--_gs-bg-xp-tablet:0px;--_gs-zi-tablet:auto;--_gs-d-tablet:block;--_gs-mw-tablet:calc(100% - 0 - 0);--_gs-gap-mobile:0px 0px;--_gs-m-mobile:0 0 0 0;--_gs-p-mobile:0 0 0 0;--_gs-bg-mobile:transparent none;--_gs-bg-xp-mobile:0px;--_gs-zi-mobile:auto;--_gs-d-mobile:block;--_gs-mw-mobile:calc(100% - 0 - 0);--_gs-columns:12;--_gs-rows:6\"><div class=\"grids-s-w_i\">\n<div class=\"grids-area\" style=\"--_ga-column:1\/13;--_ga-row:1\/7;--_ga-va:center;--_ga-m-desktop:0 0 0 0;--_ga-p-desktop:500px 0 500px 0;--_ga-bg-desktop:transparent url(https:\/\/facchinold.digitalia.website\/wp-content\/uploads\/2021\/10\/tenute-antonio-facchin-2.jpg) no-repeat 50% 50%  \/ cover;--_ga-zi-desktop:auto;--_ga-d-desktop:flex;--_ga-mw-desktop:calc(100% - 0 - 0);--_ga-m-tablet:0 0 0 0;--_ga-p-tablet:250px 0 250px 0;--_ga-bg-tablet:transparent url(https:\/\/facchinold.digitalia.website\/wp-content\/uploads\/2021\/10\/tenute-antonio-facchin-2.jpg) no-repeat 50% 50%  \/ cover;--_ga-zi-tablet:auto;--_ga-d-tablet:flex;--_ga-mw-tablet:calc(100% - 0 - 0);--_ga-m-mobile:0 0 0 0;--_ga-p-mobile:250px 0 250px 0;--_ga-bg-mobile:transparent url(https:\/\/facchinold.digitalia.website\/wp-content\/uploads\/2021\/10\/tenute-antonio-facchin-2.jpg) no-repeat 50% 50%  \/ cover;--_ga-zi-mobile:auto;--_ga-d-mobile:flex;--_ga-mw-mobile:calc(100% - 0 - 0)\"><\/div>\n\n<div class=\"grids-area\" style=\"--_ga-column:7\/12;--_ga-row:2\/6;--_ga-va:center;--_ga-m-desktop:0 0 0 0;--_ga-p-desktop:50px 50px 50px 50px;--_ga-bg-desktop:#ffffff none;--_ga-zi-desktop:auto;--_ga-d-desktop:flex;--_ga-mw-desktop:calc(100% - 0 - 0);--_ga-m-tablet:0 0 0 0;--_ga-p-tablet:50px 50px 50px 50px;--_ga-bg-tablet:#ffffff none;--_ga-zi-tablet:auto;--_ga-d-tablet:flex;--_ga-mw-tablet:calc(100% - 0 - 0);--_ga-m-mobile:0 0 0 0;--_ga-p-mobile:50px 50px 50px 50px;--_ga-bg-mobile:#ffffff none;--_ga-zi-mobile:auto;--_ga-d-mobile:flex;--_ga-mw-mobile:calc(100% - 0 - 0)\">\n\n<p>La sua storia a cavallo di tre secoli fa della famiglia Facchin una delle aziende vinicole pi\u00f9 longeve della zona del Prosecco. In questo lungo periodo, ha mantenuto inalterato il rispetto per la tradizione e il territorio, gestendo direttamente la propria attivit\u00e0 con scelte competenti. Oggi alla guida dell\u2019azienda c\u2019\u00e8 la quarta generazione della famiglia: i fratelli<strong> Angelo e Giuseppe<\/strong>, entrambi enologi, seguono rispettivamente la cantina e i vigneti; <strong>Giusi<\/strong>, la sorella, si occupa dell&#8217;ospitalit\u00e0 nell&#8217;agriturismo annesso, sorto nel 1996. Tutti insieme garantiscono che ogni fase del processo produttivo venga seguita con professionalit\u00e0 ed attenzione ai dettagli.<\/p>\n\n\n\n<p><em>\u201cDal nostro bisnonno ci sono stati trasmessi, attraverso nostro nonno Angelo prima e poi nostro padre Antonio, l\u2019amore per il nostro territorio e il rispetto per il ciclo della terra. Tutto questo bagaglio di cultura contadina si traduce in conoscenza, studio, ricerca, duro lavoro ma anche festa. S\u00ec, proprio festa perch\u00e9 ricordiamo bene quando, da piccoli, i nostri clienti arrivavano e noi non sapevamo mai quando sarebbero andati via con il bagagliaio carico del nostro vino. Oggi come allora, i nostri clienti finiscono sempre per diventare nostri amici e vengono accolti nella nostra famiglia prima ancora che nella nostra azienda\u201d.<\/em><br><em>Angelo, Giusi e Giuseppe<\/em><\/p>\n\n<\/div>\n<\/div><\/div>\n\n\n\n","protected":false},"excerpt":{"rendered":"","protected":false},"author":8,"featured_media":0,"parent":46,"menu_order":1,"comment_status":"closed","ping_status":"closed","template":"","meta":{"_acf_changed":false,"_uag_custom_page_level_css":"","footnotes":""},"class_list":["post-711","page","type-page","status-publish","hentry"],"acf":[],"yoast_head":"<!-- This site is optimized with the Yoast SEO plugin v27.2 - https:\/\/yoast.com\/product\/yoast-seo-wordpress\/ -->\n<title>Produttori di vino da generazioni - Antonio Facchin<\/title>\n<meta name=\"description\" content=\"Antonio Facchin \u00e8 una delle aziende produttrici di Prosecco pi\u00f9 longeve, la famiglia Facchin produce vino nella zona del Piave dal 1870.\" \/>\n<meta name=\"robots\" content=\"index, follow, max-snippet:-1, max-image-preview:large, max-video-preview:-1\" \/>\n<link rel=\"canonical\" href=\"https:\/\/facchinold.digitalia.website\/it\/viticoltori-e-vinificatori\/produttori-di-vino-da-generazioni\/\" \/>\n<meta property=\"og:locale\" content=\"it_IT\" \/>\n<meta property=\"og:type\" content=\"article\" \/>\n<meta property=\"og:title\" content=\"Produttori di vino da generazioni - Antonio Facchin\" \/>\n<meta property=\"og:description\" content=\"Antonio Facchin \u00e8 una delle aziende produttrici di Prosecco pi\u00f9 longeve, la famiglia Facchin produce vino nella zona del Piave dal 1870.\" \/>\n<meta property=\"og:url\" content=\"https:\/\/facchinold.digitalia.website\/it\/viticoltori-e-vinificatori\/produttori-di-vino-da-generazioni\/\" \/>\n<meta property=\"og:site_name\" content=\"Antonio Facchin\" \/>\n<meta property=\"article:modified_time\" content=\"2025-06-17T15:12:42+00:00\" \/>\n<meta property=\"og:image\" content=\"http:\/\/facchinold.digitalia.website\/wp-content\/uploads\/2021\/06\/bottiglia-fior-di-raboso.jpg\" \/>\n<meta name=\"twitter:card\" content=\"summary_large_image\" \/>\n<meta name=\"twitter:label1\" content=\"Tempo di lettura stimato\" \/>\n\t<meta name=\"twitter:data1\" content=\"3 minuti\" \/>\n<!-- \/ Yoast SEO plugin. -->","yoast_head_json":{"title":"Produttori di vino da generazioni - Antonio Facchin","description":"Antonio Facchin \u00e8 una delle aziende produttrici di Prosecco pi\u00f9 longeve, la famiglia Facchin produce vino nella zona del Piave dal 1870.","robots":{"index":"index","follow":"follow","max-snippet":"max-snippet:-1","max-image-preview":"max-image-preview:large","max-video-preview":"max-video-preview:-1"},"canonical":"https:\/\/facchinold.digitalia.website\/it\/viticoltori-e-vinificatori\/produttori-di-vino-da-generazioni\/","og_locale":"it_IT","og_type":"article","og_title":"Produttori di vino da generazioni - Antonio Facchin","og_description":"Antonio Facchin \u00e8 una delle aziende produttrici di Prosecco pi\u00f9 longeve, la famiglia Facchin produce vino nella zona del Piave dal 1870.","og_url":"https:\/\/facchinold.digitalia.website\/it\/viticoltori-e-vinificatori\/produttori-di-vino-da-generazioni\/","og_site_name":"Antonio Facchin","article_modified_time":"2025-06-17T15:12:42+00:00","og_image":[{"url":"http:\/\/facchinold.digitalia.website\/wp-content\/uploads\/2021\/06\/bottiglia-fior-di-raboso.jpg","type":"","width":"","height":""}],"twitter_card":"summary_large_image","twitter_misc":{"Tempo di lettura stimato":"3 minuti"},"schema":{"@context":"https:\/\/schema.org","@graph":[{"@type":"WebPage","@id":"https:\/\/facchinold.digitalia.website\/it\/viticoltori-e-vinificatori\/produttori-di-vino-da-generazioni\/","url":"https:\/\/facchinold.digitalia.website\/it\/viticoltori-e-vinificatori\/produttori-di-vino-da-generazioni\/","name":"Produttori di vino da generazioni - Antonio Facchin","isPartOf":{"@id":"https:\/\/facchinold.digitalia.website\/it\/#website"},"primaryImageOfPage":{"@id":"https:\/\/facchinold.digitalia.website\/it\/viticoltori-e-vinificatori\/produttori-di-vino-da-generazioni\/#primaryimage"},"image":{"@id":"https:\/\/facchinold.digitalia.website\/it\/viticoltori-e-vinificatori\/produttori-di-vino-da-generazioni\/#primaryimage"},"thumbnailUrl":"http:\/\/facchinold.digitalia.website\/wp-content\/uploads\/2021\/06\/bottiglia-fior-di-raboso.jpg","datePublished":"2020-12-21T09:39:46+00:00","dateModified":"2025-06-17T15:12:42+00:00","description":"Antonio Facchin \u00e8 una delle aziende produttrici di Prosecco pi\u00f9 longeve, la famiglia Facchin produce vino nella zona del Piave dal 1870.","breadcrumb":{"@id":"https:\/\/facchinold.digitalia.website\/it\/viticoltori-e-vinificatori\/produttori-di-vino-da-generazioni\/#breadcrumb"},"inLanguage":"it-IT","potentialAction":[{"@type":"ReadAction","target":["https:\/\/facchinold.digitalia.website\/it\/viticoltori-e-vinificatori\/produttori-di-vino-da-generazioni\/"]}]},{"@type":"ImageObject","inLanguage":"it-IT","@id":"https:\/\/facchinold.digitalia.website\/it\/viticoltori-e-vinificatori\/produttori-di-vino-da-generazioni\/#primaryimage","url":"http:\/\/facchinold.digitalia.website\/wp-content\/uploads\/2021\/06\/bottiglia-fior-di-raboso.jpg","contentUrl":"http:\/\/facchinold.digitalia.website\/wp-content\/uploads\/2021\/06\/bottiglia-fior-di-raboso.jpg"},{"@type":"BreadcrumbList","@id":"https:\/\/facchinold.digitalia.website\/it\/viticoltori-e-vinificatori\/produttori-di-vino-da-generazioni\/#breadcrumb","itemListElement":[{"@type":"ListItem","position":1,"name":"Homepage","item":"https:\/\/facchinold.digitalia.website\/it\/"},{"@type":"ListItem","position":2,"name":"Viticoltori e vinificatori","item":"https:\/\/facchinold.digitalia.website\/it\/viticoltori-e-vinificatori\/"},{"@type":"ListItem","position":3,"name":"Produttori di vino da generazioni"}]},{"@type":"WebSite","@id":"https:\/\/facchinold.digitalia.website\/it\/#website","url":"https:\/\/facchinold.digitalia.website\/it\/","name":"Antonio Facchin","description":"","publisher":{"@id":"https:\/\/facchinold.digitalia.website\/it\/#organization"},"potentialAction":[{"@type":"SearchAction","target":{"@type":"EntryPoint","urlTemplate":"https:\/\/facchinold.digitalia.website\/it\/?s={search_term_string}"},"query-input":{"@type":"PropertyValueSpecification","valueRequired":true,"valueName":"search_term_string"}}],"inLanguage":"it-IT"},{"@type":"Organization","@id":"https:\/\/facchinold.digitalia.website\/it\/#organization","name":"Antonio Facchin","url":"https:\/\/facchinold.digitalia.website\/it\/","logo":{"@type":"ImageObject","inLanguage":"it-IT","@id":"https:\/\/facchinold.digitalia.website\/it\/#\/schema\/logo\/image\/","url":"https:\/\/facchinold.digitalia.website\/wp-content\/uploads\/2020\/12\/cropped-antonio-facchin.png","contentUrl":"https:\/\/facchinold.digitalia.website\/wp-content\/uploads\/2020\/12\/cropped-antonio-facchin.png","width":400,"height":213,"caption":"Antonio Facchin"},"image":{"@id":"https:\/\/facchinold.digitalia.website\/it\/#\/schema\/logo\/image\/"}}]}},"uagb_featured_image_src":{"full":false,"thumbnail":false,"medium":false,"medium_large":false,"large":false,"1536x1536":false,"2048x2048":false,"alm-thumbnail":false,"post-thumbnail":false,"twentytwenty-fullscreen":false},"uagb_author_info":{"display_name":"AFacchin","author_link":"https:\/\/facchinold.digitalia.website\/it\/author\/afacchin\/"},"uagb_comment_info":0,"uagb_excerpt":null,"_links":{"self":[{"href":"https:\/\/facchinold.digitalia.website\/it\/wp-json\/wp\/v2\/pages\/711","targetHints":{"allow":["GET"]}}],"collection":[{"href":"https:\/\/facchinold.digitalia.website\/it\/wp-json\/wp\/v2\/pages"}],"about":[{"href":"https:\/\/facchinold.digitalia.website\/it\/wp-json\/wp\/v2\/types\/page"}],"author":[{"embeddable":true,"href":"https:\/\/facchinold.digitalia.website\/it\/wp-json\/wp\/v2\/users\/8"}],"replies":[{"embeddable":true,"href":"https:\/\/facchinold.digitalia.website\/it\/wp-json\/wp\/v2\/comments?post=711"}],"version-history":[{"count":12,"href":"https:\/\/facchinold.digitalia.website\/it\/wp-json\/wp\/v2\/pages\/711\/revisions"}],"predecessor-version":[{"id":3342,"href":"https:\/\/facchinold.digitalia.website\/it\/wp-json\/wp\/v2\/pages\/711\/revisions\/3342"}],"up":[{"embeddable":true,"href":"https:\/\/facchinold.digitalia.website\/it\/wp-json\/wp\/v2\/pages\/46"}],"wp:attachment":[{"href":"https:\/\/facchinold.digitalia.website\/it\/wp-json\/wp\/v2\/media?parent=711"}],"curies":[{"name":"wp","href":"https:\/\/api.w.org\/{rel}","templated":true}]}}